{"id":1066,"date":"2023-11-25T19:24:57","date_gmt":"2023-11-25T19:24:57","guid":{"rendered":"https:\/\/www.animusmargaridaribeiro.pt\/WPress\/?page_id=1066"},"modified":"2023-11-25T20:47:08","modified_gmt":"2023-11-25T20:47:08","slug":"contacto","status":"publish","type":"page","link":"https:\/\/www.animusmargaridaribeiro.pt\/index.php\/contacto\/","title":{"rendered":"contacto"},"content":{"rendered":"\t\t<div data-elementor-type=\"wp-page\" data-elementor-id=\"1066\" class=\"elementor elementor-1066\" data-elementor-post-type=\"page\">\n\t\t\t\t\t\t<section class=\"elementor-section elementor-top-section elementor-element elementor-element-552ae1b elementor-section-boxed elementor-section-height-default elementor-section-height-default\" data-id=\"552ae1b\" data-element_type=\"section\" data-e-type=\"section\">\n\t\t\t\t\t\t<div class=\"elementor-container elementor-column-gap-default\">\n\t\t\t\t\t<div class=\"elementor-column elementor-col-100 elementor-top-column elementor-element elementor-element-403e6e4\" data-id=\"403e6e4\" data-element_type=\"column\" data-e-type=\"column\">\n\t\t\t<div class=\"elementor-widget-wrap elementor-element-populated\">\n\t\t\t\t\t\t<div class=\"elementor-element elementor-element-2e36e87 elementor-widget elementor-widget-heading\" data-id=\"2e36e87\" data-element_type=\"widget\" data-e-type=\"widget\" data-widget_type=\"heading.default\">\n\t\t\t\t<div class=\"elementor-widget-container\">\n\t\t\t\t\t<h2 class=\"elementor-heading-title elementor-size-default\">Agenda uma conversa<\/h2>\t\t\t\t<\/div>\n\t\t\t\t<\/div>\n\t\t\t\t\t<\/div>\n\t\t<\/div>\n\t\t\t\t\t<\/div>\n\t\t<\/section>\n\t\t\t\t<section class=\"elementor-section elementor-top-section elementor-element elementor-element-4a5ed8a elementor-section-boxed elementor-section-height-default elementor-section-height-default\" data-id=\"4a5ed8a\" data-element_type=\"section\" data-e-type=\"section\">\n\t\t\t\t\t\t<div class=\"elementor-container elementor-column-gap-default\">\n\t\t\t\t\t<div class=\"elementor-column elementor-col-50 elementor-top-column elementor-element elementor-element-1db5624\" data-id=\"1db5624\" data-element_type=\"column\" data-e-type=\"column\">\n\t\t\t<div class=\"elementor-widget-wrap elementor-element-populated\">\n\t\t\t\t\t\t<div class=\"elementor-element elementor-element-814193a elementor-widget elementor-widget-text-editor\" data-id=\"814193a\" data-element_type=\"widget\" data-e-type=\"widget\" data-widget_type=\"text-editor.default\">\n\t\t\t\t<div class=\"elementor-widget-container\">\n\t\t\t\t\t\t\t\t\t<p>Tens alguma quest\u00e3o sobre qual o servi\u00e7o mais adequado ao teu caso?<\/p><p>Pretendes agendar uma primeira sess\u00e3o totalmente gratuita e sem compromisso para alinhar quais as tuas necessidades?<\/p><p>Procura estender forma\u00e7\u00f5es personalizada \u00e0 sua equipa?<\/p><p>Preencha o formul\u00e1rio e deixe a sua mensagem com a sua necessidade, eu irei devolver resposta o mais breve poss\u00edvel.<\/p>\t\t\t\t\t\t\t\t<\/div>\n\t\t\t\t<\/div>\n\t\t\t\t\t<\/div>\n\t\t<\/div>\n\t\t\t\t<div class=\"elementor-column elementor-col-50 elementor-top-column elementor-element elementor-element-06884b3\" data-id=\"06884b3\" data-element_type=\"column\" data-e-type=\"column\">\n\t\t\t<div class=\"elementor-widget-wrap elementor-element-populated\">\n\t\t\t\t\t\t<div class=\"elementor-element elementor-element-0ecd7b1 elementor-button-align-stretch elementor-widget elementor-widget-form\" data-id=\"0ecd7b1\" data-element_type=\"widget\" data-e-type=\"widget\" data-settings=\"{&quot;step_next_label&quot;:&quot;Next&quot;,&quot;step_previous_label&quot;:&quot;Previous&quot;,&quot;button_width&quot;:&quot;100&quot;,&quot;step_type&quot;:&quot;number_text&quot;,&quot;step_icon_shape&quot;:&quot;circle&quot;}\" data-widget_type=\"form.default\">\n\t\t\t\t<div class=\"elementor-widget-container\">\n\t\t\t\t\t\t\t<form class=\"elementor-form\" method=\"post\" name=\"Formul\u00e1rio de Contacto\">\n\t\t\t<input type=\"hidden\" name=\"post_id\" value=\"1066\"\/>\n\t\t\t<input type=\"hidden\" name=\"form_id\" value=\"0ecd7b1\"\/>\n\t\t\t<input type=\"hidden\" name=\"referer_title\" value=\"Animus\" \/>\n\n\t\t\t\n\t\t\t<div class=\"elementor-form-fields-wrapper elementor-labels-above\">\n\t\t\t\t\t\t\t\t<div class=\"elementor-field-type-text elementor-field-group elementor-column elementor-field-group-name elementor-col-50 elementor-field-required\">\n\t\t\t\t\t\t\t\t\t\t\t\t<label for=\"form-field-name\" class=\"elementor-field-label\">\n\t\t\t\t\t\t\t\tNome\t\t\t\t\t\t\t<\/label>\n\t\t\t\t\t\t\t\t\t\t\t\t\t\t<input size=\"1\" type=\"text\" name=\"form_fields[name]\" id=\"form-field-name\" class=\"elementor-field elementor-size-sm  elementor-field-textual\" required=\"required\" aria-required=\"true\">\n\t\t\t\t\t\t\t\t\t\t\t<\/div>\n\t\t\t\t\t\t\t\t<div class=\"elementor-field-type-email elementor-field-group elementor-column elementor-field-group-email elementor-col-50 elementor-field-required\">\n\t\t\t\t\t\t\t\t\t\t\t\t<label for=\"form-field-email\" class=\"elementor-field-label\">\n\t\t\t\t\t\t\t\tEmail\t\t\t\t\t\t\t<\/label>\n\t\t\t\t\t\t\t\t\t\t\t\t\t\t<input size=\"1\" type=\"email\" name=\"form_fields[email]\" id=\"form-field-email\" class=\"elementor-field elementor-size-sm  elementor-field-textual\" required=\"required\" aria-required=\"true\">\n\t\t\t\t\t\t\t\t\t\t\t<\/div>\n\t\t\t\t\t\t\t\t<div class=\"elementor-field-type-select elementor-field-group elementor-column elementor-field-group-field_0ee369b elementor-col-100 elementor-field-required\">\n\t\t\t\t\t\t\t\t\t\t\t\t<label for=\"form-field-field_0ee369b\" class=\"elementor-field-label\">\n\t\t\t\t\t\t\t\tQual a \u00e1rea que tens interesse?\t\t\t\t\t\t\t<\/label>\n\t\t\t\t\t\t\t\t<div class=\"elementor-field elementor-select-wrapper remove-before \">\n\t\t\t<div class=\"select-caret-down-wrapper\">\n\t\t\t\t<i aria-hidden=\"true\" class=\"eicon-caret-down\"><\/i>\t\t\t<\/div>\n\t\t\t<select name=\"form_fields[field_0ee369b]\" id=\"form-field-field_0ee369b\" class=\"elementor-field-textual elementor-size-sm\" required=\"required\" aria-required=\"true\">\n\t\t\t\t\t\t\t\t\t<option value=\"FORMA\u00c7\u00d5ES\">FORMA\u00c7\u00d5ES<\/option>\n\t\t\t\t\t\t\t\t\t<option value=\"WORKSHOPS\">WORKSHOPS<\/option>\n\t\t\t\t\t\t\t\t\t<option value=\"COACHING DE CARREIRA\">COACHING DE CARREIRA<\/option>\n\t\t\t\t\t\t\t\t\t<option value=\"COACHING DE ADOLESCENTES\">COACHING DE ADOLESCENTES<\/option>\n\t\t\t\t\t\t\t\t\t<option value=\"COACHING DE VIDA\">COACHING DE VIDA<\/option>\n\t\t\t\t\t\t\t\t\t<option value=\"SESS\u00d5ES ADAPTADAS\">SESS\u00d5ES ADAPTADAS<\/option>\n\t\t\t\t\t\t\t\t\t<option value=\"OUTRO (indicar)\">OUTRO (indicar)<\/option>\n\t\t\t\t\t\t\t<\/select>\n\t\t<\/div>\n\t\t\t\t\t\t<\/div>\n\t\t\t\t\t\t\t\t<div class=\"elementor-field-type-textarea elementor-field-group elementor-column elementor-field-group-message elementor-col-100\">\n\t\t\t\t\t\t\t\t\t\t\t\t<label for=\"form-field-message\" class=\"elementor-field-label\">\n\t\t\t\t\t\t\t\tMenssagem\t\t\t\t\t\t\t<\/label>\n\t\t\t\t\t\t<textarea class=\"elementor-field-textual elementor-field  elementor-size-sm\" name=\"form_fields[message]\" id=\"form-field-message\" rows=\"4\"><\/textarea>\t\t\t\t<\/div>\n\t\t\t\t\t\t\t\t<div class=\"elementor-field-group elementor-column elementor-field-type-submit elementor-col-100 e-form__buttons\">\n\t\t\t\t\t<button type=\"submit\" class=\"elementor-button elementor-size-sm\">\n\t\t\t\t\t\t<span >\n\t\t\t\t\t\t\t\t\t\t\t\t\t\t\t<span class=\" elementor-button-icon\">\n\t\t\t\t\t\t\t\t\t\t\t\t\t\t\t\t\t\t\t\t\t\t\t\t\t\t<\/span>\n\t\t\t\t\t\t\t\t\t\t\t\t\t\t\t\t\t\t\t\t\t\t<span class=\"elementor-button-text\">Enviar<\/span>\n\t\t\t\t\t\t\t\t\t\t\t\t\t<\/span>\n\t\t\t\t\t<\/button>\n\t\t\t\t<\/div>\n\t\t\t<\/div>\n\t\t<\/form>\n\t\t\t\t\t\t<\/div>\n\t\t\t\t<\/div>\n\t\t\t\t\t<\/div>\n\t\t<\/div>\n\t\t\t\t\t<\/div>\n\t\t<\/section>\n\t\t\t\t<\/div>\n\t\t","protected":false},"excerpt":{"rendered":"<p>Agenda uma conversa Tens alguma quest\u00e3o sobre qual o servi\u00e7o mais adequado ao teu caso? Pretendes agendar uma primeira sess\u00e3o totalmente gratuita e sem compromisso para alinhar quais as tuas necessidades? Procura estender forma\u00e7\u00f5es personalizada \u00e0 sua equipa? Preencha o formul\u00e1rio e deixe a sua mensagem com a sua necessidade, eu irei devolver resposta o [&hellip;]<\/p>\n","protected":false},"author":2,"featured_media":0,"parent":0,"menu_order":0,"comment_status":"closed","ping_status":"closed","template":"","meta":{"footnotes":""},"class_list":["post-1066","page","type-page","status-publish","hentry"],"yoast_head":"<!-- This site is optimized with the Yoast SEO plugin v26.8 - https:\/\/yoast.com\/product\/yoast-seo-wordpress\/ -->\r\n<title>contacto - Animus<\/title>\r\n<meta name=\"robots\" content=\"index, follow, max-snippet:-1, max-image-preview:large, max-video-preview:-1\" \/>\r\n<link rel=\"canonical\" href=\"https:\/\/www.animusmargaridaribeiro.pt\/index.php\/contacto\/\" \/>\r\n<meta property=\"og:locale\" content=\"pt_PT\" \/>\r\n<meta property=\"og:type\" content=\"article\" \/>\r\n<meta property=\"og:title\" content=\"contacto - Animus\" \/>\r\n<meta property=\"og:description\" content=\"Agenda uma conversa Tens alguma quest\u00e3o sobre qual o servi\u00e7o mais adequado ao teu caso? Pretendes agendar uma primeira sess\u00e3o totalmente gratuita e sem compromisso para alinhar quais as tuas necessidades? Procura estender forma\u00e7\u00f5es personalizada \u00e0 sua equipa? Preencha o formul\u00e1rio e deixe a sua mensagem com a sua necessidade, eu irei devolver resposta o [&hellip;]\" \/>\r\n<meta property=\"og:url\" content=\"https:\/\/www.animusmargaridaribeiro.pt\/index.php\/contacto\/\" \/>\r\n<meta property=\"og:site_name\" content=\"Animus\" \/>\r\n<meta property=\"article:publisher\" content=\"https:\/\/www.facebook.com\/animusmargaridaribeiro\" \/>\r\n<meta property=\"article:modified_time\" content=\"2023-11-25T20:47:08+00:00\" \/>\r\n<meta name=\"twitter:label1\" content=\"Tempo estimado de leitura\" \/>\n\t<meta name=\"twitter:data1\" content=\"1 minuto\" \/>\r\n<script type=\"application\/ld+json\" class=\"yoast-schema-graph\">{\"@context\":\"https:\/\/schema.org\",\"@graph\":[{\"@type\":\"WebPage\",\"@id\":\"https:\/\/www.animusmargaridaribeiro.pt\/index.php\/contacto\/\",\"url\":\"https:\/\/www.animusmargaridaribeiro.pt\/index.php\/contacto\/\",\"name\":\"contacto - Animus\",\"isPartOf\":{\"@id\":\"https:\/\/www.animusmargaridaribeiro.pt\/#website\"},\"datePublished\":\"2023-11-25T19:24:57+00:00\",\"dateModified\":\"2023-11-25T20:47:08+00:00\",\"breadcrumb\":{\"@id\":\"https:\/\/www.animusmargaridaribeiro.pt\/index.php\/contacto\/#breadcrumb\"},\"inLanguage\":\"pt-PT\",\"potentialAction\":[{\"@type\":\"ReadAction\",\"target\":[\"https:\/\/www.animusmargaridaribeiro.pt\/index.php\/contacto\/\"]}]},{\"@type\":\"BreadcrumbList\",\"@id\":\"https:\/\/www.animusmargaridaribeiro.pt\/index.php\/contacto\/#breadcrumb\",\"itemListElement\":[{\"@type\":\"ListItem\",\"position\":1,\"name\":\"Home\",\"item\":\"https:\/\/www.animusmargaridaribeiro.pt\/\"},{\"@type\":\"ListItem\",\"position\":2,\"name\":\"contacto\"}]},{\"@type\":\"WebSite\",\"@id\":\"https:\/\/www.animusmargaridaribeiro.pt\/#website\",\"url\":\"https:\/\/www.animusmargaridaribeiro.pt\/\",\"name\":\"Animus - Coach & Trainning\",\"description\":\"Coaching &amp; Trainning\",\"potentialAction\":[{\"@type\":\"SearchAction\",\"target\":{\"@type\":\"EntryPoint\",\"urlTemplate\":\"https:\/\/www.animusmargaridaribeiro.pt\/?s={search_term_string}\"},\"query-input\":{\"@type\":\"PropertyValueSpecification\",\"valueRequired\":true,\"valueName\":\"search_term_string\"}}],\"inLanguage\":\"pt-PT\"}]}<\/script>\r\n<!-- \/ Yoast SEO plugin. -->","yoast_head_json":{"title":"contacto - Animus","robots":{"index":"index","follow":"follow","max-snippet":"max-snippet:-1","max-image-preview":"max-image-preview:large","max-video-preview":"max-video-preview:-1"},"canonical":"https:\/\/www.animusmargaridaribeiro.pt\/index.php\/contacto\/","og_locale":"pt_PT","og_type":"article","og_title":"contacto - Animus","og_description":"Agenda uma conversa Tens alguma quest\u00e3o sobre qual o servi\u00e7o mais adequado ao teu caso? Pretendes agendar uma primeira sess\u00e3o totalmente gratuita e sem compromisso para alinhar quais as tuas necessidades? Procura estender forma\u00e7\u00f5es personalizada \u00e0 sua equipa? Preencha o formul\u00e1rio e deixe a sua mensagem com a sua necessidade, eu irei devolver resposta o [&hellip;]","og_url":"https:\/\/www.animusmargaridaribeiro.pt\/index.php\/contacto\/","og_site_name":"Animus","article_publisher":"https:\/\/www.facebook.com\/animusmargaridaribeiro","article_modified_time":"2023-11-25T20:47:08+00:00","twitter_misc":{"Tempo estimado de leitura":"1 minuto"},"schema":{"@context":"https:\/\/schema.org","@graph":[{"@type":"WebPage","@id":"https:\/\/www.animusmargaridaribeiro.pt\/index.php\/contacto\/","url":"https:\/\/www.animusmargaridaribeiro.pt\/index.php\/contacto\/","name":"contacto - Animus","isPartOf":{"@id":"https:\/\/www.animusmargaridaribeiro.pt\/#website"},"datePublished":"2023-11-25T19:24:57+00:00","dateModified":"2023-11-25T20:47:08+00:00","breadcrumb":{"@id":"https:\/\/www.animusmargaridaribeiro.pt\/index.php\/contacto\/#breadcrumb"},"inLanguage":"pt-PT","potentialAction":[{"@type":"ReadAction","target":["https:\/\/www.animusmargaridaribeiro.pt\/index.php\/contacto\/"]}]},{"@type":"BreadcrumbList","@id":"https:\/\/www.animusmargaridaribeiro.pt\/index.php\/contacto\/#breadcrumb","itemListElement":[{"@type":"ListItem","position":1,"name":"Home","item":"https:\/\/www.animusmargaridaribeiro.pt\/"},{"@type":"ListItem","position":2,"name":"contacto"}]},{"@type":"WebSite","@id":"https:\/\/www.animusmargaridaribeiro.pt\/#website","url":"https:\/\/www.animusmargaridaribeiro.pt\/","name":"Animus - Coach & Trainning","description":"Coaching &amp; Trainning","potentialAction":[{"@type":"SearchAction","target":{"@type":"EntryPoint","urlTemplate":"https:\/\/www.animusmargaridaribeiro.pt\/?s={search_term_string}"},"query-input":{"@type":"PropertyValueSpecification","valueRequired":true,"valueName":"search_term_string"}}],"inLanguage":"pt-PT"}]}},"_links":{"self":[{"href":"https:\/\/www.animusmargaridaribeiro.pt\/index.php\/wp-json\/wp\/v2\/pages\/1066","targetHints":{"allow":["GET"]}}],"collection":[{"href":"https:\/\/www.animusmargaridaribeiro.pt\/index.php\/wp-json\/wp\/v2\/pages"}],"about":[{"href":"https:\/\/www.animusmargaridaribeiro.pt\/index.php\/wp-json\/wp\/v2\/types\/page"}],"author":[{"embeddable":true,"href":"https:\/\/www.animusmargaridaribeiro.pt\/index.php\/wp-json\/wp\/v2\/users\/2"}],"replies":[{"embeddable":true,"href":"https:\/\/www.animusmargaridaribeiro.pt\/index.php\/wp-json\/wp\/v2\/comments?post=1066"}],"version-history":[{"count":10,"href":"https:\/\/www.animusmargaridaribeiro.pt\/index.php\/wp-json\/wp\/v2\/pages\/1066\/revisions"}],"predecessor-version":[{"id":1152,"href":"https:\/\/www.animusmargaridaribeiro.pt\/index.php\/wp-json\/wp\/v2\/pages\/1066\/revisions\/1152"}],"wp:attachment":[{"href":"https:\/\/www.animusmargaridaribeiro.pt\/index.php\/wp-json\/wp\/v2\/media?parent=1066"}],"curies":[{"name":"wp","href":"https:\/\/api.w.org\/{rel}","templated":true}]}}